{"id":6260,"date":"2025-03-10T09:15:30","date_gmt":"2025-03-10T09:15:30","guid":{"rendered":"https:\/\/unseenshenzhen.com\/sobre-nosotros\/"},"modified":"2025-07-15T11:25:49","modified_gmt":"2025-07-15T11:25:49","slug":"about","status":"publish","type":"page","link":"https:\/\/unseenshenzhen.com\/es\/about\/","title":{"rendered":"Sobre nosotros"},"content":{"rendered":"\n<p>Hola a todos, mi nombre es sakaihitoshige, que es mi nombre japon\u00e9s.<br\/>Junto con Serene, que vive en Shenzhen, cofund\u00e9 este sitio web. Inicialmente, nos enfocamos en compartir gu\u00edas de viaje sobre las atracciones locales de Shenzhen. M\u00e1s tarde, me di cuenta de que pod\u00edamos ampliar nuestro alcance \u2014 no solo bas\u00e1ndonos en experiencias personales, sino tambi\u00e9n incorporando una gran cantidad de informaci\u00f3n y opiniones aut\u00e9nticas de plataformas de redes sociales.<br\/>Al comparar y organizar cientos de datos y verificarlos mediante experiencias personales, nuestro objetivo es ofrecerles gu\u00edas de viaje m\u00e1s completas y pr\u00e1cticas.  <\/p>\n\n<p>Tambi\u00e9n tengo un sue\u00f1o: reunir a un grupo de personas que amen viajar, dedic\u00e1ndose \u00fanicamente a emprender viajes juntos. A lo largo del camino, organizamos cuidadosamente nuestras notas y las compilamos en gu\u00edas de viaje, que publicamos en nuestro sitio web para que otros amantes de los viajes alrededor del mundo las utilicen como referencia. <\/p>\n\n<p>Para hacer realidad este sue\u00f1o, cofund\u00e9 este sitio web con Serene en marzo de 2025.<\/p>\n\n<p>Todo el contenido de nuestros art\u00edculos se basa en una investigaci\u00f3n profunda realizada con software profesional de turismo en China, y seleccionamos solo los destinos m\u00e1s populares y recomendados. Nuestro equipo editorial tiene experiencia viajando a doce pa\u00edses e incluye miembros que han vivido a largo plazo en ciudades de toda China. Puedes confiar en que nuestras gu\u00edas son fiables y cuidadosamente preparadas.  <\/p>\n\n<p>Por supuesto, a\u00fan hay algunos aspectos que necesitamos mejorar, y en el pr\u00f3ximo periodo los mostraremos a todos a trav\u00e9s del contenido que creemos.<\/p>\n\n<p>Nuestra visi\u00f3n es en realidad bastante simple: queremos que puedas explorar cada rinc\u00f3n de China con nada m\u00e1s que un bol\u00edgrafo traductor y nuestro sitio web. Sin necesidad de un gu\u00eda tur\u00edstico, podr\u00e1s comprender en profundidad el trasfondo e historia de cada destino. <\/p>\n","protected":false},"excerpt":{"rendered":"<p>Hola a todos, mi nombre es sakaihitoshige, que es mi nombre japon\u00e9s.Junto con Serene, que vive en Shenzhen, cofund\u00e9 este sitio web. Inicialmente, nos enfocamos en compartir&#8230; <\/p>\n","protected":false},"author":1,"featured_media":0,"parent":0,"menu_order":0,"comment_status":"closed","ping_status":"closed","template":"","meta":{"_lmt_disableupdate":"","_lmt_disable":"","footnotes":""},"class_list":["post-6260","page","type-page","status-publish","hentry"],"yoast_head":"<!-- This site is optimized with the Yoast SEO Premium plugin v24.7 (Yoast SEO v24.7) - https:\/\/yoast.com\/wordpress\/plugins\/seo\/ -->\n<title>Sobre nosotros - UNSEENSHENZHEN<\/title>\n<meta name=\"robots\" content=\"index, follow, max-snippet:-1, max-image-preview:large, max-video-preview:-1\" \/>\n<link rel=\"canonical\" href=\"https:\/\/unseenshenzhen.com\/es\/about\/\" \/>\n<meta property=\"og:locale\" content=\"es_ES\" \/>\n<meta property=\"og:type\" content=\"article\" \/>\n<meta property=\"og:title\" content=\"Sobre nosotros\" \/>\n<meta property=\"og:description\" content=\"Hola a todos, mi nombre es sakaihitoshige, que es mi nombre japon\u00e9s.Junto con Serene, que vive en Shenzhen, cofund\u00e9 este sitio web. Inicialmente, nos enfocamos en compartir...\" \/>\n<meta property=\"og:url\" content=\"https:\/\/unseenshenzhen.com\/es\/about\/\" \/>\n<meta property=\"og:site_name\" content=\"china travel guide\" \/>\n<meta property=\"article:modified_time\" content=\"2025-07-15T11:25:49+00:00\" \/>\n<meta name=\"twitter:card\" content=\"summary_large_image\" \/>\n<meta name=\"twitter:label1\" content=\"Tiempo de lectura\" \/>\n\t<meta name=\"twitter:data1\" content=\"2 minutos\" \/>\n<script type=\"application\/ld+json\" class=\"yoast-schema-graph\">{\"@context\":\"https:\/\/schema.org\",\"@graph\":[{\"@type\":\"WebPage\",\"@id\":\"https:\/\/unseenshenzhen.com\/es\/about\/\",\"url\":\"https:\/\/unseenshenzhen.com\/es\/about\/\",\"name\":\"Sobre nosotros - UNSEENSHENZHEN\",\"isPartOf\":{\"@id\":\"https:\/\/unseenshenzhen.com\/es\/#website\"},\"datePublished\":\"2025-03-10T09:15:30+00:00\",\"dateModified\":\"2025-07-15T11:25:49+00:00\",\"breadcrumb\":{\"@id\":\"https:\/\/unseenshenzhen.com\/es\/about\/#breadcrumb\"},\"inLanguage\":\"es\",\"potentialAction\":[{\"@type\":\"ReadAction\",\"target\":[\"https:\/\/unseenshenzhen.com\/es\/about\/\"]}]},{\"@type\":\"BreadcrumbList\",\"@id\":\"https:\/\/unseenshenzhen.com\/es\/about\/#breadcrumb\",\"itemListElement\":[{\"@type\":\"ListItem\",\"position\":1,\"name\":\"\u9996\u9875\",\"item\":\"https:\/\/unseenshenzhen.com\/es\/\"},{\"@type\":\"ListItem\",\"position\":2,\"name\":\"Sobre nosotros\"}]},{\"@type\":\"WebSite\",\"@id\":\"https:\/\/unseenshenzhen.com\/es\/#website\",\"url\":\"https:\/\/unseenshenzhen.com\/es\/\",\"name\":\"UNSEENSHENZHEN\",\"description\":\"unseenshenzhen.com\",\"publisher\":{\"@id\":\"https:\/\/unseenshenzhen.com\/es\/#\/schema\/person\/51e8265ed6da1b1b8dc93bad667702db\"},\"potentialAction\":[{\"@type\":\"SearchAction\",\"target\":{\"@type\":\"EntryPoint\",\"urlTemplate\":\"https:\/\/unseenshenzhen.com\/es\/?s={search_term_string}\"},\"query-input\":{\"@type\":\"PropertyValueSpecification\",\"valueRequired\":true,\"valueName\":\"search_term_string\"}}],\"inLanguage\":\"es\"},{\"@type\":[\"Person\",\"Organization\"],\"@id\":\"https:\/\/unseenshenzhen.com\/es\/#\/schema\/person\/51e8265ed6da1b1b8dc93bad667702db\",\"name\":\"Serene\",\"image\":{\"@type\":\"ImageObject\",\"inLanguage\":\"es\",\"@id\":\"https:\/\/unseenshenzhen.com\/es\/#\/schema\/person\/image\/\",\"url\":\"https:\/\/unseenshenzhen.com\/wp-content\/uploads\/2025\/07\/cropped-cropped-cropped-cropped-\u672a\u6807\u9898-3_\u753b\u677f-1-\u526f\u672c-scaled-1.png\",\"contentUrl\":\"https:\/\/unseenshenzhen.com\/wp-content\/uploads\/2025\/07\/cropped-cropped-cropped-cropped-\u672a\u6807\u9898-3_\u753b\u677f-1-\u526f\u672c-scaled-1.png\",\"width\":1267,\"height\":1289,\"caption\":\"Serene\"},\"logo\":{\"@id\":\"https:\/\/unseenshenzhen.com\/es\/#\/schema\/person\/image\/\"},\"description\":\"In my twenties, traveling with friends sparked my passion for exploration. While studying in Shenzhen, I explored nearly every corner of the city. I gave guided tours to travelers in exchange for travel expenses, which let me earn money while immersing myself in Shenzhen\u2019s culture. This experience inspired me to write articles, helping overseas visitors with accurate and practical travel guides. I hope my articles are helpful to you.\",\"sameAs\":[\"https:\/\/unseenshenzhen.com\/about-me\/\"]}]}<\/script>\n<!-- \/ Yoast SEO Premium plugin. -->","yoast_head_json":{"title":"Sobre nosotros - UNSEENSHENZHEN","robots":{"index":"index","follow":"follow","max-snippet":"max-snippet:-1","max-image-preview":"max-image-preview:large","max-video-preview":"max-video-preview:-1"},"canonical":"https:\/\/unseenshenzhen.com\/es\/about\/","og_locale":"es_ES","og_type":"article","og_title":"Sobre nosotros","og_description":"Hola a todos, mi nombre es sakaihitoshige, que es mi nombre japon\u00e9s.Junto con Serene, que vive en Shenzhen, cofund\u00e9 este sitio web. Inicialmente, nos enfocamos en compartir...","og_url":"https:\/\/unseenshenzhen.com\/es\/about\/","og_site_name":"china travel guide","article_modified_time":"2025-07-15T11:25:49+00:00","twitter_card":"summary_large_image","twitter_misc":{"Tiempo de lectura":"2 minutos"},"schema":{"@context":"https:\/\/schema.org","@graph":[{"@type":"WebPage","@id":"https:\/\/unseenshenzhen.com\/es\/about\/","url":"https:\/\/unseenshenzhen.com\/es\/about\/","name":"Sobre nosotros - UNSEENSHENZHEN","isPartOf":{"@id":"https:\/\/unseenshenzhen.com\/es\/#website"},"datePublished":"2025-03-10T09:15:30+00:00","dateModified":"2025-07-15T11:25:49+00:00","breadcrumb":{"@id":"https:\/\/unseenshenzhen.com\/es\/about\/#breadcrumb"},"inLanguage":"es","potentialAction":[{"@type":"ReadAction","target":["https:\/\/unseenshenzhen.com\/es\/about\/"]}]},{"@type":"BreadcrumbList","@id":"https:\/\/unseenshenzhen.com\/es\/about\/#breadcrumb","itemListElement":[{"@type":"ListItem","position":1,"name":"\u9996\u9875","item":"https:\/\/unseenshenzhen.com\/es\/"},{"@type":"ListItem","position":2,"name":"Sobre nosotros"}]},{"@type":"WebSite","@id":"https:\/\/unseenshenzhen.com\/es\/#website","url":"https:\/\/unseenshenzhen.com\/es\/","name":"UNSEENSHENZHEN","description":"unseenshenzhen.com","publisher":{"@id":"https:\/\/unseenshenzhen.com\/es\/#\/schema\/person\/51e8265ed6da1b1b8dc93bad667702db"},"potentialAction":[{"@type":"SearchAction","target":{"@type":"EntryPoint","urlTemplate":"https:\/\/unseenshenzhen.com\/es\/?s={search_term_string}"},"query-input":{"@type":"PropertyValueSpecification","valueRequired":true,"valueName":"search_term_string"}}],"inLanguage":"es"},{"@type":["Person","Organization"],"@id":"https:\/\/unseenshenzhen.com\/es\/#\/schema\/person\/51e8265ed6da1b1b8dc93bad667702db","name":"Serene","image":{"@type":"ImageObject","inLanguage":"es","@id":"https:\/\/unseenshenzhen.com\/es\/#\/schema\/person\/image\/","url":"https:\/\/unseenshenzhen.com\/wp-content\/uploads\/2025\/07\/cropped-cropped-cropped-cropped-\u672a\u6807\u9898-3_\u753b\u677f-1-\u526f\u672c-scaled-1.png","contentUrl":"https:\/\/unseenshenzhen.com\/wp-content\/uploads\/2025\/07\/cropped-cropped-cropped-cropped-\u672a\u6807\u9898-3_\u753b\u677f-1-\u526f\u672c-scaled-1.png","width":1267,"height":1289,"caption":"Serene"},"logo":{"@id":"https:\/\/unseenshenzhen.com\/es\/#\/schema\/person\/image\/"},"description":"In my twenties, traveling with friends sparked my passion for exploration. While studying in Shenzhen, I explored nearly every corner of the city. I gave guided tours to travelers in exchange for travel expenses, which let me earn money while immersing myself in Shenzhen\u2019s culture. This experience inspired me to write articles, helping overseas visitors with accurate and practical travel guides. I hope my articles are helpful to you.","sameAs":["https:\/\/unseenshenzhen.com\/about-me\/"]}]}},"_links":{"self":[{"href":"https:\/\/unseenshenzhen.com\/es\/wp-json\/wp\/v2\/pages\/6260","targetHints":{"allow":["GET"]}}],"collection":[{"href":"https:\/\/unseenshenzhen.com\/es\/wp-json\/wp\/v2\/pages"}],"about":[{"href":"https:\/\/unseenshenzhen.com\/es\/wp-json\/wp\/v2\/types\/page"}],"author":[{"embeddable":true,"href":"https:\/\/unseenshenzhen.com\/es\/wp-json\/wp\/v2\/users\/1"}],"replies":[{"embeddable":true,"href":"https:\/\/unseenshenzhen.com\/es\/wp-json\/wp\/v2\/comments?post=6260"}],"version-history":[{"count":0,"href":"https:\/\/unseenshenzhen.com\/es\/wp-json\/wp\/v2\/pages\/6260\/revisions"}],"wp:attachment":[{"href":"https:\/\/unseenshenzhen.com\/es\/wp-json\/wp\/v2\/media?parent=6260"}],"curies":[{"name":"wp","href":"https:\/\/api.w.org\/{rel}","templated":true}]}}